{"id":5737,"date":"2025-05-13T07:04:45","date_gmt":"2025-05-13T12:04:45","guid":{"rendered":"https:\/\/innovacioneducativachoco.edu.co\/portal\/?page_id=5737"},"modified":"2025-05-13T07:12:54","modified_gmt":"2025-05-13T12:12:54","slug":"aplicacion-movil","status":"publish","type":"page","link":"https:\/\/innovacioneducativachoco.edu.co\/portal\/aplicacion-movil\/","title":{"rendered":"Aplicaci\u00f3n m\u00f3vil"},"content":{"rendered":"\n<p>En esta secci\u00f3n podr\u00e1 descargar la aplicaci\u00f3n m\u00f3vil para el seguimiento acad\u00e9mico de los estudiantes.<\/p>\n\n\n\n<p><a href=\"https:\/\/innovacioneducativachoco.edu.co\/archivos\/app-movil-innovacion.apk\" data-type=\"link\" data-id=\"https:\/\/innovacioneducativachoco.edu.co\/archivos\/app-movil-innovacion.apk\">Haga clic aqu\u00ed para descargar la app m\u00f3vil.<\/a><\/p>\n\n\n\n<p><\/p>\n","protected":false},"excerpt":{"rendered":"<p>En esta secci\u00f3n podr\u00e1 descargar la aplicaci\u00f3n m\u00f3vil para el seguimiento acad\u00e9mico de los estudiantes. Haga clic aqu\u00ed para descargar la app m\u00f3vil.<\/p>\n","protected":false},"author":1,"featured_media":0,"parent":0,"menu_order":0,"comment_status":"closed","ping_status":"closed","template":"","meta":{"footnotes":""},"class_list":["post-5737","page","type-page","status-publish","hentry"],"acf":[],"_links":{"self":[{"href":"https:\/\/innovacioneducativachoco.edu.co\/portal\/wp-json\/wp\/v2\/pages\/5737","targetHints":{"allow":["GET"]}}],"collection":[{"href":"https:\/\/innovacioneducativachoco.edu.co\/portal\/wp-json\/wp\/v2\/pages"}],"about":[{"href":"https:\/\/innovacioneducativachoco.edu.co\/portal\/wp-json\/wp\/v2\/types\/page"}],"author":[{"embeddable":true,"href":"https:\/\/innovacioneducativachoco.edu.co\/portal\/wp-json\/wp\/v2\/users\/1"}],"replies":[{"embeddable":true,"href":"https:\/\/innovacioneducativachoco.edu.co\/portal\/wp-json\/wp\/v2\/comments?post=5737"}],"version-history":[{"count":2,"href":"https:\/\/innovacioneducativachoco.edu.co\/portal\/wp-json\/wp\/v2\/pages\/5737\/revisions"}],"predecessor-version":[{"id":5739,"href":"https:\/\/innovacioneducativachoco.edu.co\/portal\/wp-json\/wp\/v2\/pages\/5737\/revisions\/5739"}],"wp:attachment":[{"href":"https:\/\/innovacioneducativachoco.edu.co\/portal\/wp-json\/wp\/v2\/media?parent=5737"}],"curies":[{"name":"wp","href":"https:\/\/api.w.org\/{rel}","templated":true}]}}